{"id":198,"date":"2022-12-06T00:07:08","date_gmt":"2022-12-06T00:07:08","guid":{"rendered":"https:\/\/jevtic.in.rs\/?page_id=198"},"modified":"2023-12-26T13:56:18","modified_gmt":"2023-12-26T13:56:18","slug":"saradnici","status":"publish","type":"page","link":"https:\/\/jevtic.in.rs\/en\/saradnici\/","title":{"rendered":"Partner companies"},"content":{"rendered":"\n<p><em>If there&#8217;s something strange In your neighbourhood,<br>Who you gonna call? <strong>Ghostbusters!<\/strong><\/em><\/p>\n\n\n\n<p><strong>I.E.C.C. Marios Miltiadou &amp; Associates Limited<\/strong><br>7A, Achaias str., Strovolos, Nicosia, CY2027 &#8211; Cyprus<br>T: +357 96 17 69 66<br>E: marios.miltiadou(at)iecc-mma.eu<br>W: iecc-mma.eu<\/p>\n\n\n\n<p><strong>Public Private Partnership d.o.o.<\/strong><br>Cara Nikolaja II 42, Belgrade 11000, Serbia<br>T: +381 64 11 99 699<br>E: nenad.ilic(at)ppp.co.rs<br>W: www.ppp.co.rs<\/p>\n\n\n\n<p><strong>MNT Consulting<\/strong><br>Bulevar Zorana \u0110in\u0111i\u0107a 100, Novi Beograd 11070<br>E: viptrif(at)gmail.com<\/p>\n","protected":false},"excerpt":{"rendered":"<p>If there&#8217;s something strange In your neighbourhood,Who you gonna call? Ghostbusters! I.E.C.C. Marios Miltiadou &amp; Associates Limited7A, Achaias str., Strovolos, Nicosia, CY2027 &#8211; CyprusT: +357 96 17 69 66E: marios.miltiadou(at)iecc-mma.euW: iecc-mma.eu Public Private Partnership d.o.o.Cara Nikolaja II 42, Belgrade 11000, SerbiaT: +381 64 11 99 699E: nenad.ilic(at)ppp.co.rsW: www.ppp.co.rs MNT ConsultingBulevar Zorana \u0110in\u0111i\u0107a 100, Novi Beograd&hellip; <a class=\"more-link\" href=\"https:\/\/jevtic.in.rs\/en\/saradnici\/\">Continue reading <span class=\"screen-reader-text\">Partner companies<\/span><\/a><\/p>\n","protected":false},"author":2,"featured_media":0,"parent":0,"menu_order":0,"comment_status":"closed","ping_status":"closed","template":"","meta":{"footnotes":""},"class_list":["post-198","page","type-page","status-publish","hentry","entry"],"translation":{"provider":"WPGlobus","version":"3.0.0","language":"en","enabled_languages":["rs","en"],"languages":{"rs":{"title":true,"content":true,"excerpt":false},"en":{"title":true,"content":true,"excerpt":false}}},"_links":{"self":[{"href":"https:\/\/jevtic.in.rs\/en\/wp-json\/wp\/v2\/pages\/198","targetHints":{"allow":["GET"]}}],"collection":[{"href":"https:\/\/jevtic.in.rs\/en\/wp-json\/wp\/v2\/pages"}],"about":[{"href":"https:\/\/jevtic.in.rs\/en\/wp-json\/wp\/v2\/types\/page"}],"author":[{"embeddable":true,"href":"https:\/\/jevtic.in.rs\/en\/wp-json\/wp\/v2\/users\/2"}],"replies":[{"embeddable":true,"href":"https:\/\/jevtic.in.rs\/en\/wp-json\/wp\/v2\/comments?post=198"}],"version-history":[{"count":11,"href":"https:\/\/jevtic.in.rs\/en\/wp-json\/wp\/v2\/pages\/198\/revisions"}],"predecessor-version":[{"id":320,"href":"https:\/\/jevtic.in.rs\/en\/wp-json\/wp\/v2\/pages\/198\/revisions\/320"}],"wp:attachment":[{"href":"https:\/\/jevtic.in.rs\/en\/wp-json\/wp\/v2\/media?parent=198"}],"curies":[{"name":"wp","href":"https:\/\/api.w.org\/{rel}","templated":true}]}}